{"id":2538,"date":"2021-12-14T21:48:34","date_gmt":"2021-12-15T00:48:34","guid":{"rendered":"https:\/\/www.comunidadlift.com\/membership-account\/membership-checkout\/"},"modified":"2024-03-27T11:26:55","modified_gmt":"2024-03-27T14:26:55","slug":"membership-checkout","status":"publish","type":"page","link":"https:\/\/www.comunidadlift.com\/membership-account\/membership-checkout\/","title":{"rendered":"Checkout de membres\u00eda"},"content":{"rendered":"\t\t<div data-elementor-type=\"wp-page\" data-elementor-id=\"2538\" class=\"elementor elementor-2538\" data-elementor-post-type=\"page\">\n\t\t\t\t<div class=\"elementor-element elementor-element-57e7e590 e-flex e-con-boxed e-con e-parent\" data-id=\"57e7e590\" data-element_type=\"container\" data-e-type=\"container\">\n\t\t\t\t\t<div class=\"e-con-inner\">\n\t\t\t\t<div class=\"elementor-element elementor-element-1d13d4b5 elementor-widget elementor-widget-text-editor\" data-id=\"1d13d4b5\" data-element_type=\"widget\" data-e-type=\"widget\" data-widget_type=\"text-editor.default\">\n\t\t\t\t<div class=\"elementor-widget-container\">\n\t\t\t\t\t\t\t\t\t[pmpro_checkout]\t\t\t\t\t\t\t\t<\/div>\n\t\t\t\t<\/div>\n\t\t\t\t\t<\/div>\n\t\t\t\t<\/div>\n\t\t\t\t<\/div>\n\t\t","protected":false},"excerpt":{"rendered":"<p>[pmpro_checkout]<\/p>\n","protected":false},"author":1,"featured_media":0,"parent":2535,"menu_order":0,"comment_status":"closed","ping_status":"closed","template":"","meta":{"_bbp_topic_count":0,"_bbp_reply_count":0,"_bbp_total_topic_count":0,"_bbp_total_reply_count":0,"_bbp_voice_count":0,"_bbp_anonymous_reply_count":0,"_bbp_topic_count_hidden":0,"_bbp_reply_count_hidden":0,"_bbp_forum_subforum_count":0,"pmpro_default_level":"","footnotes":""},"class_list":["post-2538","page","type-page","status-publish","hentry","pmpro-has-access"],"yoast_head":"<!-- This site is optimized with the Yoast SEO plugin v27.5 - https:\/\/yoast.com\/product\/yoast-seo-wordpress\/ -->\n<title>Checkout de membres\u00eda - Comunidad Lift<\/title>\n<meta name=\"robots\" content=\"index, follow, max-snippet:-1, max-image-preview:large, max-video-preview:-1\" \/>\n<link rel=\"canonical\" href=\"https:\/\/www.comunidadlift.com\/membership-account\/membership-checkout\/\" \/>\n<meta property=\"og:locale\" content=\"es_ES\" \/>\n<meta property=\"og:type\" content=\"article\" \/>\n<meta property=\"og:title\" content=\"Checkout de membres\u00eda - Comunidad Lift\" \/>\n<meta property=\"og:description\" content=\"[pmpro_checkout]\" \/>\n<meta property=\"og:url\" content=\"https:\/\/www.comunidadlift.com\/membership-account\/membership-checkout\/\" \/>\n<meta property=\"og:site_name\" content=\"Comunidad Lift\" \/>\n<meta property=\"article:modified_time\" content=\"2024-03-27T14:26:55+00:00\" \/>\n<meta name=\"twitter:card\" content=\"summary_large_image\" \/>\n<meta name=\"twitter:label1\" content=\"Tiempo de lectura\" \/>\n\t<meta name=\"twitter:data1\" content=\"1 minuto\" \/>\n<script type=\"application\/ld+json\" class=\"yoast-schema-graph\">{\"@context\":\"https:\\\/\\\/schema.org\",\"@graph\":[{\"@type\":\"WebPage\",\"@id\":\"https:\\\/\\\/www.comunidadlift.com\\\/membership-account\\\/membership-checkout\\\/\",\"url\":\"https:\\\/\\\/www.comunidadlift.com\\\/membership-account\\\/membership-checkout\\\/\",\"name\":\"Checkout de membres\u00eda - Comunidad Lift\",\"isPartOf\":{\"@id\":\"https:\\\/\\\/www.comunidadlift.com\\\/#website\"},\"datePublished\":\"2021-12-15T00:48:34+00:00\",\"dateModified\":\"2024-03-27T14:26:55+00:00\",\"breadcrumb\":{\"@id\":\"https:\\\/\\\/www.comunidadlift.com\\\/membership-account\\\/membership-checkout\\\/#breadcrumb\"},\"inLanguage\":\"es-AR\",\"potentialAction\":[{\"@type\":\"ReadAction\",\"target\":[\"https:\\\/\\\/www.comunidadlift.com\\\/membership-account\\\/membership-checkout\\\/\"]}]},{\"@type\":\"BreadcrumbList\",\"@id\":\"https:\\\/\\\/www.comunidadlift.com\\\/membership-account\\\/membership-checkout\\\/#breadcrumb\",\"itemListElement\":[{\"@type\":\"ListItem\",\"position\":1,\"name\":\"Inicio\",\"item\":\"https:\\\/\\\/www.comunidadlift.com\\\/\"},{\"@type\":\"ListItem\",\"position\":2,\"name\":\"Cuenta de Membres\u00eda\",\"item\":\"https:\\\/\\\/www.comunidadlift.com\\\/membership-account\\\/\"},{\"@type\":\"ListItem\",\"position\":3,\"name\":\"Checkout de membres\u00eda\"}]},{\"@type\":\"WebSite\",\"@id\":\"https:\\\/\\\/www.comunidadlift.com\\\/#website\",\"url\":\"https:\\\/\\\/www.comunidadlift.com\\\/\",\"name\":\"Comunidad Lift\",\"description\":\"Tu \u00daltima Inversi\u00f3n En Educaci\u00f3n\",\"publisher\":{\"@id\":\"https:\\\/\\\/www.comunidadlift.com\\\/#organization\"},\"potentialAction\":[{\"@type\":\"SearchAction\",\"target\":{\"@type\":\"EntryPoint\",\"urlTemplate\":\"https:\\\/\\\/www.comunidadlift.com\\\/?s={search_term_string}\"},\"query-input\":{\"@type\":\"PropertyValueSpecification\",\"valueRequired\":true,\"valueName\":\"search_term_string\"}}],\"inLanguage\":\"es-AR\"},{\"@type\":\"Organization\",\"@id\":\"https:\\\/\\\/www.comunidadlift.com\\\/#organization\",\"name\":\"Comunidad Lift\",\"url\":\"https:\\\/\\\/www.comunidadlift.com\\\/\",\"logo\":{\"@type\":\"ImageObject\",\"inLanguage\":\"es-AR\",\"@id\":\"https:\\\/\\\/www.comunidadlift.com\\\/#\\\/schema\\\/logo\\\/image\\\/\",\"url\":\"https:\\\/\\\/www.comunidadlift.com\\\/wp-content\\\/uploads\\\/2021\\\/08\\\/isotipo_blanco_header.svg\",\"contentUrl\":\"https:\\\/\\\/www.comunidadlift.com\\\/wp-content\\\/uploads\\\/2021\\\/08\\\/isotipo_blanco_header.svg\",\"width\":78,\"height\":66,\"caption\":\"Comunidad Lift\"},\"image\":{\"@id\":\"https:\\\/\\\/www.comunidadlift.com\\\/#\\\/schema\\\/logo\\\/image\\\/\"}}]}<\/script>\n<!-- \/ Yoast SEO plugin. -->","yoast_head_json":{"title":"Checkout de membres\u00eda - Comunidad Lift","robots":{"index":"index","follow":"follow","max-snippet":"max-snippet:-1","max-image-preview":"max-image-preview:large","max-video-preview":"max-video-preview:-1"},"canonical":"https:\/\/www.comunidadlift.com\/membership-account\/membership-checkout\/","og_locale":"es_ES","og_type":"article","og_title":"Checkout de membres\u00eda - Comunidad Lift","og_description":"[pmpro_checkout]","og_url":"https:\/\/www.comunidadlift.com\/membership-account\/membership-checkout\/","og_site_name":"Comunidad Lift","article_modified_time":"2024-03-27T14:26:55+00:00","twitter_card":"summary_large_image","twitter_misc":{"Tiempo de lectura":"1 minuto"},"schema":{"@context":"https:\/\/schema.org","@graph":[{"@type":"WebPage","@id":"https:\/\/www.comunidadlift.com\/membership-account\/membership-checkout\/","url":"https:\/\/www.comunidadlift.com\/membership-account\/membership-checkout\/","name":"Checkout de membres\u00eda - Comunidad Lift","isPartOf":{"@id":"https:\/\/www.comunidadlift.com\/#website"},"datePublished":"2021-12-15T00:48:34+00:00","dateModified":"2024-03-27T14:26:55+00:00","breadcrumb":{"@id":"https:\/\/www.comunidadlift.com\/membership-account\/membership-checkout\/#breadcrumb"},"inLanguage":"es-AR","potentialAction":[{"@type":"ReadAction","target":["https:\/\/www.comunidadlift.com\/membership-account\/membership-checkout\/"]}]},{"@type":"BreadcrumbList","@id":"https:\/\/www.comunidadlift.com\/membership-account\/membership-checkout\/#breadcrumb","itemListElement":[{"@type":"ListItem","position":1,"name":"Inicio","item":"https:\/\/www.comunidadlift.com\/"},{"@type":"ListItem","position":2,"name":"Cuenta de Membres\u00eda","item":"https:\/\/www.comunidadlift.com\/membership-account\/"},{"@type":"ListItem","position":3,"name":"Checkout de membres\u00eda"}]},{"@type":"WebSite","@id":"https:\/\/www.comunidadlift.com\/#website","url":"https:\/\/www.comunidadlift.com\/","name":"Comunidad Lift","description":"Tu \u00daltima Inversi\u00f3n En Educaci\u00f3n","publisher":{"@id":"https:\/\/www.comunidadlift.com\/#organization"},"potentialAction":[{"@type":"SearchAction","target":{"@type":"EntryPoint","urlTemplate":"https:\/\/www.comunidadlift.com\/?s={search_term_string}"},"query-input":{"@type":"PropertyValueSpecification","valueRequired":true,"valueName":"search_term_string"}}],"inLanguage":"es-AR"},{"@type":"Organization","@id":"https:\/\/www.comunidadlift.com\/#organization","name":"Comunidad Lift","url":"https:\/\/www.comunidadlift.com\/","logo":{"@type":"ImageObject","inLanguage":"es-AR","@id":"https:\/\/www.comunidadlift.com\/#\/schema\/logo\/image\/","url":"https:\/\/www.comunidadlift.com\/wp-content\/uploads\/2021\/08\/isotipo_blanco_header.svg","contentUrl":"https:\/\/www.comunidadlift.com\/wp-content\/uploads\/2021\/08\/isotipo_blanco_header.svg","width":78,"height":66,"caption":"Comunidad Lift"},"image":{"@id":"https:\/\/www.comunidadlift.com\/#\/schema\/logo\/image\/"}}]}},"_links":{"self":[{"href":"https:\/\/www.comunidadlift.com\/wp-json\/wp\/v2\/pages\/2538","targetHints":{"allow":["GET"]}}],"collection":[{"href":"https:\/\/www.comunidadlift.com\/wp-json\/wp\/v2\/pages"}],"about":[{"href":"https:\/\/www.comunidadlift.com\/wp-json\/wp\/v2\/types\/page"}],"author":[{"embeddable":true,"href":"https:\/\/www.comunidadlift.com\/wp-json\/wp\/v2\/users\/1"}],"replies":[{"embeddable":true,"href":"https:\/\/www.comunidadlift.com\/wp-json\/wp\/v2\/comments?post=2538"}],"version-history":[{"count":176,"href":"https:\/\/www.comunidadlift.com\/wp-json\/wp\/v2\/pages\/2538\/revisions"}],"predecessor-version":[{"id":20945,"href":"https:\/\/www.comunidadlift.com\/wp-json\/wp\/v2\/pages\/2538\/revisions\/20945"}],"up":[{"embeddable":true,"href":"https:\/\/www.comunidadlift.com\/wp-json\/wp\/v2\/pages\/2535"}],"wp:attachment":[{"href":"https:\/\/www.comunidadlift.com\/wp-json\/wp\/v2\/media?parent=2538"}],"curies":[{"name":"wp","href":"https:\/\/api.w.org\/{rel}","templated":true}]}}